{"id":1536,"date":"2022-05-17T11:26:13","date_gmt":"2022-05-17T11:26:13","guid":{"rendered":"https:\/\/hengelsportmichiels.be\/politique-de-confidentialite\/"},"modified":"2024-02-26T08:21:19","modified_gmt":"2024-02-26T08:21:19","slug":"politique-de-confidentialite","status":"publish","type":"page","link":"https:\/\/hengelsportmichiels.be\/fr\/politique-de-confidentialite\/","title":{"rendered":"Politique de confidentialit\u00e9"},"content":{"rendered":"\t\t<div data-elementor-type=\"wp-page\" data-elementor-id=\"1536\" class=\"elementor elementor-1536 elementor-139\" data-elementor-post-type=\"page\">\n\t\t\t\t\t\t<section class=\"elementor-section elementor-top-section elementor-element elementor-element-2c62c075 elementor-section-content-middle elementor-section-height-min-height elementor-section-items-bottom elementor-section-boxed elementor-section-height-default\" data-id=\"2c62c075\" data-element_type=\"section\" data-e-type=\"section\" data-settings=\"{&quot;background_background&quot;:&quot;classic&quot;}\">\n\t\t\t\t\t\t\t<div class=\"elementor-background-overlay\"><\/div>\n\t\t\t\t\t\t\t<div class=\"elementor-container elementor-column-gap-default\">\n\t\t\t\t\t<div class=\"elementor-column elementor-col-100 elementor-top-column elementor-element elementor-element-4581fd02\" data-id=\"4581fd02\" data-element_type=\"column\" data-e-type=\"column\">\n\t\t\t<div class=\"elementor-widget-wrap elementor-element-populated\">\n\t\t\t\t\t\t\t<\/div>\n\t\t<\/div>\n\t\t\t\t\t<\/div>\n\t\t<\/section>\n\t\t\t\t<section class=\"elementor-section elementor-top-section elementor-element elementor-element-1828ec3d elementor-section-boxed elementor-section-height-default elementor-section-height-default\" data-id=\"1828ec3d\" data-element_type=\"section\" data-e-type=\"section\">\n\t\t\t\t\t\t<div class=\"elementor-container elementor-column-gap-default\">\n\t\t\t\t\t<div class=\"elementor-column elementor-col-100 elementor-top-column elementor-element elementor-element-606b2b67\" data-id=\"606b2b67\" data-element_type=\"column\" data-e-type=\"column\">\n\t\t\t<div class=\"elementor-widget-wrap elementor-element-populated\">\n\t\t\t\t\t\t<div class=\"elementor-element elementor-element-52fc0241 elementor-widget elementor-widget-heading\" data-id=\"52fc0241\" data-element_type=\"widget\" data-e-type=\"widget\" data-settings=\"{&quot;ekit_we_effect_on&quot;:&quot;none&quot;}\" data-widget_type=\"heading.default\">\n\t\t\t\t<div class=\"elementor-widget-container\">\n\t\t\t\t\t<h2 class=\"elementor-heading-title elementor-size-default\">Politique de confidentialit\u00e9<\/h2>\t\t\t\t<\/div>\n\t\t\t\t<\/div>\n\t\t\t\t<div class=\"elementor-element elementor-element-7c39b94a elementor-widget elementor-widget-heading\" data-id=\"7c39b94a\" data-element_type=\"widget\" data-e-type=\"widget\" data-settings=\"{&quot;ekit_we_effect_on&quot;:&quot;none&quot;}\" data-widget_type=\"heading.default\">\n\t\t\t\t<div class=\"elementor-widget-container\">\n\t\t\t\t\t<h3 class=\"elementor-heading-title elementor-size-default\">Nous traitons vos donn\u00e9es avec soin<\/h3>\t\t\t\t<\/div>\n\t\t\t\t<\/div>\n\t\t\t\t<div class=\"elementor-element elementor-element-751707f elementor-widget elementor-widget-text-editor\" data-id=\"751707f\" data-element_type=\"widget\" data-e-type=\"widget\" data-settings=\"{&quot;ekit_we_effect_on&quot;:&quot;none&quot;}\" data-widget_type=\"text-editor.default\">\n\t\t\t\t<div class=\"elementor-widget-container\">\n\t\t\t\t\t\t\t\t\t<p>Michiels de p\u00eache<br>Kastelsedijk 42<br>2480 Dessel<br>Belgique<br>Email: info@hengelsportmichiels.be<\/p><p>pour la gestion de la client\u00e8le bas\u00e9e sur la relation contractuelle r\u00e9sultant de votre commande\/achat et pour le marketing direct (pour vous proposer de nouveaux produits ou services) bas\u00e9 sur notre int\u00e9r\u00eat l\u00e9gitime \u00e0 faire des affaires.<\/p><p>Si vous ne souhaitez pas que nous traitions vos donn\u00e9es \u00e0 des fins de marketing direct, il suffit de nous en informer \u00e0 info@hengelsportmichiels.be. Via cette adresse, vous pouvez toujours demander quelles donn\u00e9es nous traitons \u00e0 votre sujet et les corriger ou les faire supprimer, ou demander leur transfert.<\/p><p>Si vous n&rsquo;\u00eates pas d&rsquo;accord avec la mani\u00e8re dont nous traitons vos donn\u00e9es, vous pouvez contacter la Commission pour la protection de la vie priv\u00e9e (Drukpersstraat 35, 1000 Bruxelles).<\/p>\t\t\t\t\t\t\t\t<\/div>\n\t\t\t\t<\/div>\n\t\t\t\t\t<\/div>\n\t\t<\/div>\n\t\t\t\t\t<\/div>\n\t\t<\/section>\n\t\t\t\t<\/div>\n\t\t","protected":false},"excerpt":{"rendered":"<p>Politique de confidentialit\u00e9 Nous traitons vos donn\u00e9es avec soin Michiels de p\u00eacheKastelsedijk 422480 DesselBelgiqueEmail: info@hengelsportmichiels.be pour la gestion de la client\u00e8le bas\u00e9e sur la relation contractuelle r\u00e9sultant de votre commande\/achat et pour le marketing direct (pour vous proposer de nouveaux produits ou services) bas\u00e9 sur notre int\u00e9r\u00eat l\u00e9gitime \u00e0 faire des affaires. Si vous ne [&hellip;]<\/p>\n","protected":false},"author":1,"featured_media":1670,"parent":0,"menu_order":0,"comment_status":"closed","ping_status":"closed","template":"","meta":{"footnotes":""},"class_list":["post-1536","page","type-page","status-publish","has-post-thumbnail","hentry"],"yoast_head":"<!-- This site is optimized with the Yoast SEO plugin v27.4 - https:\/\/yoast.com\/product\/yoast-seo-wordpress\/ -->\n<title>Politique de confidentialit\u00e9 - Hengelsport Michiels<\/title>\n<meta name=\"description\" content=\"D\u00e9couvrez comment nous prot\u00e9geons scrupuleusement votre vie priv\u00e9e avec notre politique de confidentialit\u00e9 d\u00e9taill\u00e9e.\" \/>\n<meta name=\"robots\" content=\"index, follow, max-snippet:-1, max-image-preview:large, max-video-preview:-1\" \/>\n<link rel=\"canonical\" href=\"https:\/\/hengelsportmichiels.be\/fr\/politique-de-confidentialite\/\" \/>\n<meta property=\"og:locale\" content=\"fr_FR\" \/>\n<meta property=\"og:type\" content=\"article\" \/>\n<meta property=\"og:title\" content=\"Politique de confidentialit\u00e9 - Hengelsport Michiels\" \/>\n<meta property=\"og:description\" content=\"D\u00e9couvrez comment nous prot\u00e9geons scrupuleusement votre vie priv\u00e9e avec notre politique de confidentialit\u00e9 d\u00e9taill\u00e9e.\" \/>\n<meta property=\"og:url\" content=\"https:\/\/hengelsportmichiels.be\/fr\/politique-de-confidentialite\/\" \/>\n<meta property=\"og:site_name\" content=\"Hengelsport Michiels\" \/>\n<meta property=\"article:modified_time\" content=\"2024-02-26T08:21:19+00:00\" \/>\n<meta property=\"og:image\" content=\"https:\/\/hengelsportmichiels.be\/wp-content\/uploads\/2022\/06\/FB-ShareImg.jpg\" \/>\n\t<meta property=\"og:image:width\" content=\"1200\" \/>\n\t<meta property=\"og:image:height\" content=\"630\" \/>\n\t<meta property=\"og:image:type\" content=\"image\/jpeg\" \/>\n<meta name=\"twitter:card\" content=\"summary_large_image\" \/>\n<meta name=\"twitter:label1\" content=\"Dur\u00e9e de lecture estim\u00e9e\" \/>\n\t<meta name=\"twitter:data1\" content=\"1 minute\" \/>\n<script type=\"application\/ld+json\" class=\"yoast-schema-graph\">{\"@context\":\"https:\\\/\\\/schema.org\",\"@graph\":[{\"@type\":\"WebPage\",\"@id\":\"https:\\\/\\\/hengelsportmichiels.be\\\/fr\\\/politique-de-confidentialite\\\/\",\"url\":\"https:\\\/\\\/hengelsportmichiels.be\\\/fr\\\/politique-de-confidentialite\\\/\",\"name\":\"Politique de confidentialit\u00e9 - Hengelsport Michiels\",\"isPartOf\":{\"@id\":\"https:\\\/\\\/hengelsportmichiels.be\\\/fr\\\/#website\"},\"primaryImageOfPage\":{\"@id\":\"https:\\\/\\\/hengelsportmichiels.be\\\/fr\\\/politique-de-confidentialite\\\/#primaryimage\"},\"image\":{\"@id\":\"https:\\\/\\\/hengelsportmichiels.be\\\/fr\\\/politique-de-confidentialite\\\/#primaryimage\"},\"thumbnailUrl\":\"https:\\\/\\\/hengelsportmichiels.be\\\/wp-content\\\/uploads\\\/2022\\\/06\\\/FB-ShareImg.jpg\",\"datePublished\":\"2022-05-17T11:26:13+00:00\",\"dateModified\":\"2024-02-26T08:21:19+00:00\",\"description\":\"D\u00e9couvrez comment nous prot\u00e9geons scrupuleusement votre vie priv\u00e9e avec notre politique de confidentialit\u00e9 d\u00e9taill\u00e9e.\",\"breadcrumb\":{\"@id\":\"https:\\\/\\\/hengelsportmichiels.be\\\/fr\\\/politique-de-confidentialite\\\/#breadcrumb\"},\"inLanguage\":\"fr-FR\",\"potentialAction\":[{\"@type\":\"ReadAction\",\"target\":[\"https:\\\/\\\/hengelsportmichiels.be\\\/fr\\\/politique-de-confidentialite\\\/\"]}]},{\"@type\":\"ImageObject\",\"inLanguage\":\"fr-FR\",\"@id\":\"https:\\\/\\\/hengelsportmichiels.be\\\/fr\\\/politique-de-confidentialite\\\/#primaryimage\",\"url\":\"https:\\\/\\\/hengelsportmichiels.be\\\/wp-content\\\/uploads\\\/2022\\\/06\\\/FB-ShareImg.jpg\",\"contentUrl\":\"https:\\\/\\\/hengelsportmichiels.be\\\/wp-content\\\/uploads\\\/2022\\\/06\\\/FB-ShareImg.jpg\",\"width\":1200,\"height\":630},{\"@type\":\"BreadcrumbList\",\"@id\":\"https:\\\/\\\/hengelsportmichiels.be\\\/fr\\\/politique-de-confidentialite\\\/#breadcrumb\",\"itemListElement\":[{\"@type\":\"ListItem\",\"position\":1,\"name\":\"Home\",\"item\":\"https:\\\/\\\/hengelsportmichiels.be\\\/fr\\\/\"},{\"@type\":\"ListItem\",\"position\":2,\"name\":\"Politique de confidentialit\u00e9\"}]},{\"@type\":\"WebSite\",\"@id\":\"https:\\\/\\\/hengelsportmichiels.be\\\/fr\\\/#website\",\"url\":\"https:\\\/\\\/hengelsportmichiels.be\\\/fr\\\/\",\"name\":\"Hengelsport Michiels\",\"description\":\"\",\"publisher\":{\"@id\":\"https:\\\/\\\/hengelsportmichiels.be\\\/fr\\\/#organization\"},\"potentialAction\":[{\"@type\":\"SearchAction\",\"target\":{\"@type\":\"EntryPoint\",\"urlTemplate\":\"https:\\\/\\\/hengelsportmichiels.be\\\/fr\\\/?s={search_term_string}\"},\"query-input\":{\"@type\":\"PropertyValueSpecification\",\"valueRequired\":true,\"valueName\":\"search_term_string\"}}],\"inLanguage\":\"fr-FR\"},{\"@type\":\"Organization\",\"@id\":\"https:\\\/\\\/hengelsportmichiels.be\\\/fr\\\/#organization\",\"name\":\"Hengelsport Michiels\",\"url\":\"https:\\\/\\\/hengelsportmichiels.be\\\/fr\\\/\",\"logo\":{\"@type\":\"ImageObject\",\"inLanguage\":\"fr-FR\",\"@id\":\"https:\\\/\\\/hengelsportmichiels.be\\\/fr\\\/#\\\/schema\\\/logo\\\/image\\\/\",\"url\":\"https:\\\/\\\/hengelsportmichiels.be\\\/wp-content\\\/uploads\\\/2022\\\/05\\\/logo-michiels.png\",\"contentUrl\":\"https:\\\/\\\/hengelsportmichiels.be\\\/wp-content\\\/uploads\\\/2022\\\/05\\\/logo-michiels.png\",\"width\":387,\"height\":462,\"caption\":\"Hengelsport Michiels\"},\"image\":{\"@id\":\"https:\\\/\\\/hengelsportmichiels.be\\\/fr\\\/#\\\/schema\\\/logo\\\/image\\\/\"}}]}<\/script>\n<!-- \/ Yoast SEO plugin. -->","yoast_head_json":{"title":"Politique de confidentialit\u00e9 - Hengelsport Michiels","description":"D\u00e9couvrez comment nous prot\u00e9geons scrupuleusement votre vie priv\u00e9e avec notre politique de confidentialit\u00e9 d\u00e9taill\u00e9e.","robots":{"index":"index","follow":"follow","max-snippet":"max-snippet:-1","max-image-preview":"max-image-preview:large","max-video-preview":"max-video-preview:-1"},"canonical":"https:\/\/hengelsportmichiels.be\/fr\/politique-de-confidentialite\/","og_locale":"fr_FR","og_type":"article","og_title":"Politique de confidentialit\u00e9 - Hengelsport Michiels","og_description":"D\u00e9couvrez comment nous prot\u00e9geons scrupuleusement votre vie priv\u00e9e avec notre politique de confidentialit\u00e9 d\u00e9taill\u00e9e.","og_url":"https:\/\/hengelsportmichiels.be\/fr\/politique-de-confidentialite\/","og_site_name":"Hengelsport Michiels","article_modified_time":"2024-02-26T08:21:19+00:00","og_image":[{"width":1200,"height":630,"url":"https:\/\/hengelsportmichiels.be\/wp-content\/uploads\/2022\/06\/FB-ShareImg.jpg","type":"image\/jpeg"}],"twitter_card":"summary_large_image","twitter_misc":{"Dur\u00e9e de lecture estim\u00e9e":"1 minute"},"schema":{"@context":"https:\/\/schema.org","@graph":[{"@type":"WebPage","@id":"https:\/\/hengelsportmichiels.be\/fr\/politique-de-confidentialite\/","url":"https:\/\/hengelsportmichiels.be\/fr\/politique-de-confidentialite\/","name":"Politique de confidentialit\u00e9 - Hengelsport Michiels","isPartOf":{"@id":"https:\/\/hengelsportmichiels.be\/fr\/#website"},"primaryImageOfPage":{"@id":"https:\/\/hengelsportmichiels.be\/fr\/politique-de-confidentialite\/#primaryimage"},"image":{"@id":"https:\/\/hengelsportmichiels.be\/fr\/politique-de-confidentialite\/#primaryimage"},"thumbnailUrl":"https:\/\/hengelsportmichiels.be\/wp-content\/uploads\/2022\/06\/FB-ShareImg.jpg","datePublished":"2022-05-17T11:26:13+00:00","dateModified":"2024-02-26T08:21:19+00:00","description":"D\u00e9couvrez comment nous prot\u00e9geons scrupuleusement votre vie priv\u00e9e avec notre politique de confidentialit\u00e9 d\u00e9taill\u00e9e.","breadcrumb":{"@id":"https:\/\/hengelsportmichiels.be\/fr\/politique-de-confidentialite\/#breadcrumb"},"inLanguage":"fr-FR","potentialAction":[{"@type":"ReadAction","target":["https:\/\/hengelsportmichiels.be\/fr\/politique-de-confidentialite\/"]}]},{"@type":"ImageObject","inLanguage":"fr-FR","@id":"https:\/\/hengelsportmichiels.be\/fr\/politique-de-confidentialite\/#primaryimage","url":"https:\/\/hengelsportmichiels.be\/wp-content\/uploads\/2022\/06\/FB-ShareImg.jpg","contentUrl":"https:\/\/hengelsportmichiels.be\/wp-content\/uploads\/2022\/06\/FB-ShareImg.jpg","width":1200,"height":630},{"@type":"BreadcrumbList","@id":"https:\/\/hengelsportmichiels.be\/fr\/politique-de-confidentialite\/#breadcrumb","itemListElement":[{"@type":"ListItem","position":1,"name":"Home","item":"https:\/\/hengelsportmichiels.be\/fr\/"},{"@type":"ListItem","position":2,"name":"Politique de confidentialit\u00e9"}]},{"@type":"WebSite","@id":"https:\/\/hengelsportmichiels.be\/fr\/#website","url":"https:\/\/hengelsportmichiels.be\/fr\/","name":"Hengelsport Michiels","description":"","publisher":{"@id":"https:\/\/hengelsportmichiels.be\/fr\/#organization"},"potentialAction":[{"@type":"SearchAction","target":{"@type":"EntryPoint","urlTemplate":"https:\/\/hengelsportmichiels.be\/fr\/?s={search_term_string}"},"query-input":{"@type":"PropertyValueSpecification","valueRequired":true,"valueName":"search_term_string"}}],"inLanguage":"fr-FR"},{"@type":"Organization","@id":"https:\/\/hengelsportmichiels.be\/fr\/#organization","name":"Hengelsport Michiels","url":"https:\/\/hengelsportmichiels.be\/fr\/","logo":{"@type":"ImageObject","inLanguage":"fr-FR","@id":"https:\/\/hengelsportmichiels.be\/fr\/#\/schema\/logo\/image\/","url":"https:\/\/hengelsportmichiels.be\/wp-content\/uploads\/2022\/05\/logo-michiels.png","contentUrl":"https:\/\/hengelsportmichiels.be\/wp-content\/uploads\/2022\/05\/logo-michiels.png","width":387,"height":462,"caption":"Hengelsport Michiels"},"image":{"@id":"https:\/\/hengelsportmichiels.be\/fr\/#\/schema\/logo\/image\/"}}]}},"_links":{"self":[{"href":"https:\/\/hengelsportmichiels.be\/fr\/wp-json\/wp\/v2\/pages\/1536","targetHints":{"allow":["GET"]}}],"collection":[{"href":"https:\/\/hengelsportmichiels.be\/fr\/wp-json\/wp\/v2\/pages"}],"about":[{"href":"https:\/\/hengelsportmichiels.be\/fr\/wp-json\/wp\/v2\/types\/page"}],"author":[{"embeddable":true,"href":"https:\/\/hengelsportmichiels.be\/fr\/wp-json\/wp\/v2\/users\/1"}],"replies":[{"embeddable":true,"href":"https:\/\/hengelsportmichiels.be\/fr\/wp-json\/wp\/v2\/comments?post=1536"}],"version-history":[{"count":4,"href":"https:\/\/hengelsportmichiels.be\/fr\/wp-json\/wp\/v2\/pages\/1536\/revisions"}],"predecessor-version":[{"id":1891,"href":"https:\/\/hengelsportmichiels.be\/fr\/wp-json\/wp\/v2\/pages\/1536\/revisions\/1891"}],"wp:featuredmedia":[{"embeddable":true,"href":"https:\/\/hengelsportmichiels.be\/fr\/wp-json\/wp\/v2\/media\/1670"}],"wp:attachment":[{"href":"https:\/\/hengelsportmichiels.be\/fr\/wp-json\/wp\/v2\/media?parent=1536"}],"curies":[{"name":"wp","href":"https:\/\/api.w.org\/{rel}","templated":true}]}}